{"id":306,"date":"2024-06-02T16:58:54","date_gmt":"2024-06-02T14:58:54","guid":{"rendered":"https:\/\/estaca-modelisme.fr\/?page_id=306"},"modified":"2024-06-02T16:58:55","modified_gmt":"2024-06-02T14:58:55","slug":"comite-automodelisme","status":"publish","type":"page","link":"https:\/\/estaca-modelisme.fr\/index.php\/evenements\/formations\/comite-automodelisme\/","title":{"rendered":"Comit\u00e9 Automod\u00e9lisme"},"content":{"rendered":"","protected":false},"excerpt":{"rendered":"","protected":false},"author":1,"featured_media":0,"parent":168,"menu_order":2,"comment_status":"closed","ping_status":"closed","template":"","meta":{"ocean_post_layout":"","ocean_both_sidebars_style":"","ocean_both_sidebars_content_width":0,"ocean_both_sidebars_sidebars_width":0,"ocean_sidebar":"","ocean_second_sidebar":"","ocean_disable_margins":"enable","ocean_add_body_class":"","ocean_shortcode_before_top_bar":"","ocean_shortcode_after_top_bar":"","ocean_shortcode_before_header":"","ocean_shortcode_after_header":"","ocean_has_shortcode":"","ocean_shortcode_after_title":"","ocean_shortcode_before_footer_widgets":"","ocean_shortcode_after_footer_widgets":"","ocean_shortcode_before_footer_bottom":"","ocean_shortcode_after_footer_bottom":"","ocean_display_top_bar":"default","ocean_display_header":"default","ocean_header_style":"","ocean_center_header_left_menu":"","ocean_custom_header_template":"","ocean_custom_logo":0,"ocean_custom_retina_logo":0,"ocean_custom_logo_max_width":0,"ocean_custom_logo_tablet_max_width":0,"ocean_custom_logo_mobile_max_width":0,"ocean_custom_logo_max_height":0,"ocean_custom_logo_tablet_max_height":0,"ocean_custom_logo_mobile_max_height":0,"ocean_header_custom_menu":"","ocean_menu_typo_font_family":"","ocean_menu_typo_font_subset":"","ocean_menu_typo_font_size":0,"ocean_menu_typo_font_size_tablet":0,"ocean_menu_typo_font_size_mobile":0,"ocean_menu_typo_font_size_unit":"px","ocean_menu_typo_font_weight":"","ocean_menu_typo_font_weight_tablet":"","ocean_menu_typo_font_weight_mobile":"","ocean_menu_typo_transform":"","ocean_menu_typo_transform_tablet":"","ocean_menu_typo_transform_mobile":"","ocean_menu_typo_line_height":0,"ocean_menu_typo_line_height_tablet":0,"ocean_menu_typo_line_height_mobile":0,"ocean_menu_typo_line_height_unit":"","ocean_menu_typo_spacing":0,"ocean_menu_typo_spacing_tablet":0,"ocean_menu_typo_spacing_mobile":0,"ocean_menu_typo_spacing_unit":"","ocean_menu_link_color":"","ocean_menu_link_color_hover":"","ocean_menu_link_color_active":"","ocean_menu_link_background":"","ocean_menu_link_hover_background":"","ocean_menu_link_active_background":"","ocean_menu_social_links_bg":"","ocean_menu_social_hover_links_bg":"","ocean_menu_social_links_color":"","ocean_menu_social_hover_links_color":"","ocean_disable_title":"default","ocean_disable_heading":"default","ocean_post_title":"","ocean_post_subheading":"","ocean_post_title_style":"","ocean_post_title_background_color":"","ocean_post_title_background":0,"ocean_post_title_bg_image_position":"","ocean_post_title_bg_image_attachment":"","ocean_post_title_bg_image_repeat":"","ocean_post_title_bg_image_size":"","ocean_post_title_height":0,"ocean_post_title_bg_overlay":0.5,"ocean_post_title_bg_overlay_color":"","ocean_disable_breadcrumbs":"default","ocean_breadcrumbs_color":"","ocean_breadcrumbs_separator_color":"","ocean_breadcrumbs_links_color":"","ocean_breadcrumbs_links_hover_color":"","ocean_display_footer_widgets":"default","ocean_display_footer_bottom":"default","ocean_custom_footer_template":"","footnotes":""},"class_list":["post-306","page","type-page","status-publish","hentry","entry"],"yoast_head":"<!-- This site is optimized with the Yoast SEO plugin v27.4 - https:\/\/yoast.com\/product\/yoast-seo-wordpress\/ -->\n<title>Comit\u00e9 Automod\u00e9lisme - ESTACA Mod\u00e9lisme<\/title>\n<meta name=\"robots\" content=\"index, follow, max-snippet:-1, max-image-preview:large, max-video-preview:-1\" \/>\n<link rel=\"canonical\" href=\"https:\/\/estaca-modelisme.fr\/index.php\/evenements\/formations\/comite-automodelisme\/\" \/>\n<meta property=\"og:locale\" content=\"fr_FR\" \/>\n<meta property=\"og:type\" content=\"article\" \/>\n<meta property=\"og:title\" content=\"Comit\u00e9 Automod\u00e9lisme - ESTACA Mod\u00e9lisme\" \/>\n<meta property=\"og:url\" content=\"https:\/\/estaca-modelisme.fr\/index.php\/evenements\/formations\/comite-automodelisme\/\" \/>\n<meta property=\"og:site_name\" content=\"ESTACA Mod\u00e9lisme\" \/>\n<meta property=\"article:modified_time\" content=\"2024-06-02T14:58:55+00:00\" \/>\n<meta name=\"twitter:card\" content=\"summary_large_image\" \/>\n<script type=\"application\/ld+json\" class=\"yoast-schema-graph\">{\"@context\":\"https:\\\/\\\/schema.org\",\"@graph\":[{\"@type\":\"WebPage\",\"@id\":\"https:\\\/\\\/estaca-modelisme.fr\\\/index.php\\\/evenements\\\/formations\\\/comite-automodelisme\\\/\",\"url\":\"https:\\\/\\\/estaca-modelisme.fr\\\/index.php\\\/evenements\\\/formations\\\/comite-automodelisme\\\/\",\"name\":\"Comit\u00e9 Automod\u00e9lisme - ESTACA Mod\u00e9lisme\",\"isPartOf\":{\"@id\":\"https:\\\/\\\/estaca-modelisme.fr\\\/#website\"},\"datePublished\":\"2024-06-02T14:58:54+00:00\",\"dateModified\":\"2024-06-02T14:58:55+00:00\",\"breadcrumb\":{\"@id\":\"https:\\\/\\\/estaca-modelisme.fr\\\/index.php\\\/evenements\\\/formations\\\/comite-automodelisme\\\/#breadcrumb\"},\"inLanguage\":\"fr-FR\",\"potentialAction\":[{\"@type\":\"ReadAction\",\"target\":[\"https:\\\/\\\/estaca-modelisme.fr\\\/index.php\\\/evenements\\\/formations\\\/comite-automodelisme\\\/\"]}]},{\"@type\":\"BreadcrumbList\",\"@id\":\"https:\\\/\\\/estaca-modelisme.fr\\\/index.php\\\/evenements\\\/formations\\\/comite-automodelisme\\\/#breadcrumb\",\"itemListElement\":[{\"@type\":\"ListItem\",\"position\":1,\"name\":\"Accueil\",\"item\":\"https:\\\/\\\/estaca-modelisme.fr\\\/\"},{\"@type\":\"ListItem\",\"position\":2,\"name\":\"\u00c9v\u00e9nements\",\"item\":\"https:\\\/\\\/estaca-modelisme.fr\\\/index.php\\\/evenements\\\/\"},{\"@type\":\"ListItem\",\"position\":3,\"name\":\"P\u00f4le Formations\",\"item\":\"https:\\\/\\\/estaca-modelisme.fr\\\/index.php\\\/evenements\\\/formations\\\/\"},{\"@type\":\"ListItem\",\"position\":4,\"name\":\"Comit\u00e9 Automod\u00e9lisme\"}]},{\"@type\":\"WebSite\",\"@id\":\"https:\\\/\\\/estaca-modelisme.fr\\\/#website\",\"url\":\"https:\\\/\\\/estaca-modelisme.fr\\\/\",\"name\":\"ESTACA Mod\u00e9lisme\",\"description\":\"\u201cO\u00f9 la passion prend son envol, en miniature\u201d\",\"publisher\":{\"@id\":\"https:\\\/\\\/estaca-modelisme.fr\\\/#organization\"},\"potentialAction\":[{\"@type\":\"SearchAction\",\"target\":{\"@type\":\"EntryPoint\",\"urlTemplate\":\"https:\\\/\\\/estaca-modelisme.fr\\\/?s={search_term_string}\"},\"query-input\":{\"@type\":\"PropertyValueSpecification\",\"valueRequired\":true,\"valueName\":\"search_term_string\"}}],\"inLanguage\":\"fr-FR\"},{\"@type\":\"Organization\",\"@id\":\"https:\\\/\\\/estaca-modelisme.fr\\\/#organization\",\"name\":\"ESTACA Mod\u00e9lisme\",\"url\":\"https:\\\/\\\/estaca-modelisme.fr\\\/\",\"logo\":{\"@type\":\"ImageObject\",\"inLanguage\":\"fr-FR\",\"@id\":\"https:\\\/\\\/estaca-modelisme.fr\\\/#\\\/schema\\\/logo\\\/image\\\/\",\"url\":\"https:\\\/\\\/estaca-modelisme.fr\\\/wp-content\\\/uploads\\\/2024\\\/08\\\/Logo-Association-Notre-Mission.png\",\"contentUrl\":\"https:\\\/\\\/estaca-modelisme.fr\\\/wp-content\\\/uploads\\\/2024\\\/08\\\/Logo-Association-Notre-Mission.png\",\"width\":966,\"height\":396,\"caption\":\"ESTACA Mod\u00e9lisme\"},\"image\":{\"@id\":\"https:\\\/\\\/estaca-modelisme.fr\\\/#\\\/schema\\\/logo\\\/image\\\/\"},\"sameAs\":[\"https:\\\/\\\/www.youtube.com\\\/channel\\\/UCORBooBx5eMwuPTrI-_L9BQ\",\"https:\\\/\\\/www.instagram.com\\\/estaca_modelisme\\\/\"]}]}<\/script>\n<!-- \/ Yoast SEO plugin. -->","yoast_head_json":{"title":"Comit\u00e9 Automod\u00e9lisme - ESTACA Mod\u00e9lisme","robots":{"index":"index","follow":"follow","max-snippet":"max-snippet:-1","max-image-preview":"max-image-preview:large","max-video-preview":"max-video-preview:-1"},"canonical":"https:\/\/estaca-modelisme.fr\/index.php\/evenements\/formations\/comite-automodelisme\/","og_locale":"fr_FR","og_type":"article","og_title":"Comit\u00e9 Automod\u00e9lisme - ESTACA Mod\u00e9lisme","og_url":"https:\/\/estaca-modelisme.fr\/index.php\/evenements\/formations\/comite-automodelisme\/","og_site_name":"ESTACA Mod\u00e9lisme","article_modified_time":"2024-06-02T14:58:55+00:00","twitter_card":"summary_large_image","schema":{"@context":"https:\/\/schema.org","@graph":[{"@type":"WebPage","@id":"https:\/\/estaca-modelisme.fr\/index.php\/evenements\/formations\/comite-automodelisme\/","url":"https:\/\/estaca-modelisme.fr\/index.php\/evenements\/formations\/comite-automodelisme\/","name":"Comit\u00e9 Automod\u00e9lisme - ESTACA Mod\u00e9lisme","isPartOf":{"@id":"https:\/\/estaca-modelisme.fr\/#website"},"datePublished":"2024-06-02T14:58:54+00:00","dateModified":"2024-06-02T14:58:55+00:00","breadcrumb":{"@id":"https:\/\/estaca-modelisme.fr\/index.php\/evenements\/formations\/comite-automodelisme\/#breadcrumb"},"inLanguage":"fr-FR","potentialAction":[{"@type":"ReadAction","target":["https:\/\/estaca-modelisme.fr\/index.php\/evenements\/formations\/comite-automodelisme\/"]}]},{"@type":"BreadcrumbList","@id":"https:\/\/estaca-modelisme.fr\/index.php\/evenements\/formations\/comite-automodelisme\/#breadcrumb","itemListElement":[{"@type":"ListItem","position":1,"name":"Accueil","item":"https:\/\/estaca-modelisme.fr\/"},{"@type":"ListItem","position":2,"name":"\u00c9v\u00e9nements","item":"https:\/\/estaca-modelisme.fr\/index.php\/evenements\/"},{"@type":"ListItem","position":3,"name":"P\u00f4le Formations","item":"https:\/\/estaca-modelisme.fr\/index.php\/evenements\/formations\/"},{"@type":"ListItem","position":4,"name":"Comit\u00e9 Automod\u00e9lisme"}]},{"@type":"WebSite","@id":"https:\/\/estaca-modelisme.fr\/#website","url":"https:\/\/estaca-modelisme.fr\/","name":"ESTACA Mod\u00e9lisme","description":"\u201cO\u00f9 la passion prend son envol, en miniature\u201d","publisher":{"@id":"https:\/\/estaca-modelisme.fr\/#organization"},"potentialAction":[{"@type":"SearchAction","target":{"@type":"EntryPoint","urlTemplate":"https:\/\/estaca-modelisme.fr\/?s={search_term_string}"},"query-input":{"@type":"PropertyValueSpecification","valueRequired":true,"valueName":"search_term_string"}}],"inLanguage":"fr-FR"},{"@type":"Organization","@id":"https:\/\/estaca-modelisme.fr\/#organization","name":"ESTACA Mod\u00e9lisme","url":"https:\/\/estaca-modelisme.fr\/","logo":{"@type":"ImageObject","inLanguage":"fr-FR","@id":"https:\/\/estaca-modelisme.fr\/#\/schema\/logo\/image\/","url":"https:\/\/estaca-modelisme.fr\/wp-content\/uploads\/2024\/08\/Logo-Association-Notre-Mission.png","contentUrl":"https:\/\/estaca-modelisme.fr\/wp-content\/uploads\/2024\/08\/Logo-Association-Notre-Mission.png","width":966,"height":396,"caption":"ESTACA Mod\u00e9lisme"},"image":{"@id":"https:\/\/estaca-modelisme.fr\/#\/schema\/logo\/image\/"},"sameAs":["https:\/\/www.youtube.com\/channel\/UCORBooBx5eMwuPTrI-_L9BQ","https:\/\/www.instagram.com\/estaca_modelisme\/"]}]}},"_links":{"self":[{"href":"https:\/\/estaca-modelisme.fr\/index.php\/wp-json\/wp\/v2\/pages\/306","targetHints":{"allow":["GET"]}}],"collection":[{"href":"https:\/\/estaca-modelisme.fr\/index.php\/wp-json\/wp\/v2\/pages"}],"about":[{"href":"https:\/\/estaca-modelisme.fr\/index.php\/wp-json\/wp\/v2\/types\/page"}],"author":[{"embeddable":true,"href":"https:\/\/estaca-modelisme.fr\/index.php\/wp-json\/wp\/v2\/users\/1"}],"replies":[{"embeddable":true,"href":"https:\/\/estaca-modelisme.fr\/index.php\/wp-json\/wp\/v2\/comments?post=306"}],"version-history":[{"count":1,"href":"https:\/\/estaca-modelisme.fr\/index.php\/wp-json\/wp\/v2\/pages\/306\/revisions"}],"predecessor-version":[{"id":307,"href":"https:\/\/estaca-modelisme.fr\/index.php\/wp-json\/wp\/v2\/pages\/306\/revisions\/307"}],"up":[{"embeddable":true,"href":"https:\/\/estaca-modelisme.fr\/index.php\/wp-json\/wp\/v2\/pages\/168"}],"wp:attachment":[{"href":"https:\/\/estaca-modelisme.fr\/index.php\/wp-json\/wp\/v2\/media?parent=306"}],"curies":[{"name":"wp","href":"https:\/\/api.w.org\/{rel}","templated":true}]}}