{"id":168,"date":"2024-05-29T22:51:55","date_gmt":"2024-05-29T20:51:55","guid":{"rendered":"https:\/\/estaca-modelisme.fr\/?page_id=168"},"modified":"2024-08-08T08:24:54","modified_gmt":"2024-08-08T06:24:54","slug":"formations","status":"publish","type":"page","link":"https:\/\/estaca-modelisme.fr\/index.php\/evenements\/formations\/","title":{"rendered":"P\u00f4le Formations"},"content":{"rendered":"\t\t<div data-elementor-type=\"wp-page\" data-elementor-id=\"168\" class=\"elementor elementor-168\">\n\t\t\t\t<div class=\"elementor-element elementor-element-3b8c425 e-con-full e-flex e-con e-parent\" data-id=\"3b8c425\" data-element_type=\"container\" data-e-type=\"container\" data-settings=\"{&quot;background_background&quot;:&quot;video&quot;,&quot;background_video_link&quot;:&quot;https:\\\/\\\/estaca-modelisme.fr\\\/wp-content\\\/uploads\\\/2024\\\/08\\\/Video-Pole-Formation.mp4&quot;,&quot;background_video_start&quot;:0,&quot;background_video_end&quot;:70,&quot;background_play_on_mobile&quot;:&quot;yes&quot;,&quot;background_privacy_mode&quot;:&quot;yes&quot;}\">\n\t\t<div class=\"elementor-background-video-container\">\n\t\t\t\t\t\t\t<video class=\"elementor-background-video-hosted\" role=\"presentation\" autoplay muted playsinline loop><\/video>\n\t\t\t\t\t<\/div><div class=\"elementor-element elementor-element-a509af5 e-con-full e-flex e-con e-child\" data-id=\"a509af5\" data-element_type=\"container\" data-e-type=\"container\" data-settings=\"{&quot;position&quot;:&quot;absolute&quot;}\">\n\t\t\t\t<div class=\"elementor-element elementor-element-ecb14ce elementor-widget elementor-widget-heading\" data-id=\"ecb14ce\" data-element_type=\"widget\" data-e-type=\"widget\" data-widget_type=\"heading.default\">\n\t\t\t\t<div class=\"elementor-widget-container\">\n\t\t\t\t\t<h1 class=\"elementor-heading-title elementor-size-default\"><span class=\"ez-toc-section\" id=\"Pole_Formation\"><\/span><font color=\"#6638b0\">P\u00f4le <\/font><br><font color=\"#6638b0\">Formation<\/font><span class=\"ez-toc-section-end\"><\/span><\/h1>\t\t\t\t<\/div>\n\t\t\t\t<\/div>\n\t\t\t\t<\/div>\n\t\t\t\t<\/div>\n\t\t<div class=\"elementor-element elementor-element-3b84cd4 e-con-full e-grid e-con e-parent\" data-id=\"3b84cd4\" data-element_type=\"container\" data-e-type=\"container\">\n\t\t<div class=\"elementor-element elementor-element-60bfe2c e-con-full e-flex e-con e-child\" data-id=\"60bfe2c\" data-element_type=\"container\" data-e-type=\"container\" data-settings=\"{&quot;background_background&quot;:&quot;classic&quot;}\">\n\t\t<a class=\"elementor-element elementor-element-b41377d e-con-full e-flex e-con e-child\" data-id=\"b41377d\" data-element_type=\"container\" data-e-type=\"container\" data-settings=\"{&quot;position&quot;:&quot;absolute&quot;}\" href=\"https:\/\/estaca-modelisme.fr\/index.php\/evenements\/formations\/comite-drone\">\n\t\t\t\t<\/a>\n\t\t<div class=\"elementor-element elementor-element-b30820c e-flex e-con-boxed e-con e-child\" data-id=\"b30820c\" data-element_type=\"container\" data-e-type=\"container\">\n\t\t\t\t\t<div class=\"e-con-inner\">\n\t\t\t\t<div class=\"elementor-element elementor-element-616316c elementor-widget elementor-widget-image\" data-id=\"616316c\" data-element_type=\"widget\" data-e-type=\"widget\" data-widget_type=\"image.default\">\n\t\t\t\t<div class=\"elementor-widget-container\">\n\t\t\t\t\t\t\t\t\t\t\t\t\t\t\t\t<a href=\"https:\/\/estaca-modelisme.fr\/index.php\/evenements\/formations\/comite-drone\">\n\t\t\t\t\t\t\t<img fetchpriority=\"high\" decoding=\"async\" width=\"434\" height=\"408\" src=\"https:\/\/estaca-modelisme.fr\/wp-content\/uploads\/2024\/08\/Icone-Comite-Drone.png\" class=\"attachment-full size-full wp-image-1988\" alt=\"\" srcset=\"https:\/\/estaca-modelisme.fr\/wp-content\/uploads\/2024\/08\/Icone-Comite-Drone.png 434w, https:\/\/estaca-modelisme.fr\/wp-content\/uploads\/2024\/08\/Icone-Comite-Drone-300x282.png 300w\" sizes=\"(max-width: 434px) 100vw, 434px\" \/>\t\t\t\t\t\t\t\t<\/a>\n\t\t\t\t\t\t\t\t\t\t\t\t\t\t\t<\/div>\n\t\t\t\t<\/div>\n\t\t\t\t\t<\/div>\n\t\t\t\t<\/div>\n\t\t<div class=\"elementor-element elementor-element-0cd1abb e-flex e-con-boxed e-con e-child\" data-id=\"0cd1abb\" data-element_type=\"container\" data-e-type=\"container\">\n\t\t\t\t\t<div class=\"e-con-inner\">\n\t\t\t\t<div class=\"elementor-element elementor-element-0ad8e2c elementor-widget elementor-widget-heading\" data-id=\"0ad8e2c\" data-element_type=\"widget\" data-e-type=\"widget\" data-widget_type=\"heading.default\">\n\t\t\t\t<div class=\"elementor-widget-container\">\n\t\t\t\t\t<h3 class=\"elementor-heading-title elementor-size-default\"><span class=\"ez-toc-section\" id=\"Comite_Drone\"><\/span><a href=\"https:\/\/estaca-modelisme.fr\/index.php\/evenements\/formations\/comite-drone\">Comit\u00e9 Drone<\/a><span class=\"ez-toc-section-end\"><\/span><\/h3>\t\t\t\t<\/div>\n\t\t\t\t<\/div>\n\t\t\t\t\t<\/div>\n\t\t\t\t<\/div>\n\t\t<div class=\"elementor-element elementor-element-5d77d6b e-flex e-con-boxed e-con e-child\" data-id=\"5d77d6b\" data-element_type=\"container\" data-e-type=\"container\">\n\t\t\t\t\t<div class=\"e-con-inner\">\n\t\t\t\t\t<\/div>\n\t\t\t\t<\/div>\n\t\t\t\t<\/div>\n\t\t<div class=\"elementor-element elementor-element-2cf2fef e-con-full e-flex e-con e-child\" data-id=\"2cf2fef\" data-element_type=\"container\" data-e-type=\"container\" data-settings=\"{&quot;background_background&quot;:&quot;classic&quot;}\">\n\t\t<a class=\"elementor-element elementor-element-22d010a e-con-full e-flex e-con e-child\" data-id=\"22d010a\" data-element_type=\"container\" data-e-type=\"container\" data-settings=\"{&quot;position&quot;:&quot;absolute&quot;}\" href=\"https:\/\/estaca-modelisme.fr\/index.php\/evenements\/formations\/comite-aeromodelisme\/\">\n\t\t\t\t<\/a>\n\t\t<div class=\"elementor-element elementor-element-2a00984 e-flex e-con-boxed e-con e-child\" data-id=\"2a00984\" data-element_type=\"container\" data-e-type=\"container\">\n\t\t\t\t\t<div class=\"e-con-inner\">\n\t\t\t\t\t<\/div>\n\t\t\t\t<\/div>\n\t\t<div class=\"elementor-element elementor-element-d8360da e-flex e-con-boxed e-con e-child\" data-id=\"d8360da\" data-element_type=\"container\" data-e-type=\"container\">\n\t\t\t\t\t<div class=\"e-con-inner\">\n\t\t\t\t<div class=\"elementor-element elementor-element-c22b2c6 elementor-widget elementor-widget-heading\" data-id=\"c22b2c6\" data-element_type=\"widget\" data-e-type=\"widget\" data-widget_type=\"heading.default\">\n\t\t\t\t<div class=\"elementor-widget-container\">\n\t\t\t\t\t<h3 class=\"elementor-heading-title elementor-size-default\"><span class=\"ez-toc-section\" id=\"Comite_Aeromodelisme\"><\/span><a href=\"https:\/\/estaca-modelisme.fr\/index.php\/evenements\/formations\/comite-aeromodelisme\/\"><font color=\"#6638b0\">Comit\u00e9 A\u00e9romod\u00e9lisme<\/font><\/a><span class=\"ez-toc-section-end\"><\/span><\/h3>\t\t\t\t<\/div>\n\t\t\t\t<\/div>\n\t\t\t\t\t<\/div>\n\t\t\t\t<\/div>\n\t\t<div class=\"elementor-element elementor-element-9a3b770 e-flex e-con-boxed e-con e-child\" data-id=\"9a3b770\" data-element_type=\"container\" data-e-type=\"container\">\n\t\t\t\t\t<div class=\"e-con-inner\">\n\t\t\t\t<div class=\"elementor-element elementor-element-fa8b914 elementor-widget elementor-widget-image\" data-id=\"fa8b914\" data-element_type=\"widget\" data-e-type=\"widget\" data-widget_type=\"image.default\">\n\t\t\t\t<div class=\"elementor-widget-container\">\n\t\t\t\t\t\t\t\t\t\t\t\t\t\t\t\t<a href=\"https:\/\/estaca-modelisme.fr\/index.php\/evenements\/formations\/comite-aeromodelisme\/\">\n\t\t\t\t\t\t\t<img decoding=\"async\" width=\"406\" height=\"434\" src=\"https:\/\/estaca-modelisme.fr\/wp-content\/uploads\/2024\/08\/Icone-Comite-Aeromodelisme.png\" class=\"attachment-full size-full wp-image-1989\" alt=\"\" srcset=\"https:\/\/estaca-modelisme.fr\/wp-content\/uploads\/2024\/08\/Icone-Comite-Aeromodelisme.png 406w, https:\/\/estaca-modelisme.fr\/wp-content\/uploads\/2024\/08\/Icone-Comite-Aeromodelisme-281x300.png 281w\" sizes=\"(max-width: 406px) 100vw, 406px\" \/>\t\t\t\t\t\t\t\t<\/a>\n\t\t\t\t\t\t\t\t\t\t\t\t\t\t\t<\/div>\n\t\t\t\t<\/div>\n\t\t\t\t\t<\/div>\n\t\t\t\t<\/div>\n\t\t\t\t<\/div>\n\t\t<div class=\"elementor-element elementor-element-e942911 e-con-full e-flex e-con e-child\" data-id=\"e942911\" data-element_type=\"container\" data-e-type=\"container\" data-settings=\"{&quot;background_background&quot;:&quot;classic&quot;}\">\n\t\t<a class=\"elementor-element elementor-element-5bc1589 e-con-full e-flex e-con e-child\" data-id=\"5bc1589\" data-element_type=\"container\" data-e-type=\"container\" data-settings=\"{&quot;position&quot;:&quot;absolute&quot;}\" href=\"https:\/\/estaca-modelisme.fr\/index.php\/evenements\/formations\/comite-automodelisme\">\n\t\t\t\t<\/a>\n\t\t<div class=\"elementor-element elementor-element-dc4658d e-flex e-con-boxed e-con e-child\" data-id=\"dc4658d\" data-element_type=\"container\" data-e-type=\"container\">\n\t\t\t\t\t<div class=\"e-con-inner\">\n\t\t\t\t<div class=\"elementor-element elementor-element-7b0d7ff elementor-widget elementor-widget-image\" data-id=\"7b0d7ff\" data-element_type=\"widget\" data-e-type=\"widget\" data-widget_type=\"image.default\">\n\t\t\t\t<div class=\"elementor-widget-container\">\n\t\t\t\t\t\t\t\t\t\t\t\t\t\t\t\t<a href=\"https:\/\/estaca-modelisme.fr\/index.php\/evenements\/formations\/comite-automodelisme\">\n\t\t\t\t\t\t\t<img decoding=\"async\" width=\"432\" height=\"408\" src=\"https:\/\/estaca-modelisme.fr\/wp-content\/uploads\/2024\/08\/Icone-Comite-Automodelisme.png\" class=\"attachment-full size-full wp-image-1990\" alt=\"\" srcset=\"https:\/\/estaca-modelisme.fr\/wp-content\/uploads\/2024\/08\/Icone-Comite-Automodelisme.png 432w, https:\/\/estaca-modelisme.fr\/wp-content\/uploads\/2024\/08\/Icone-Comite-Automodelisme-300x283.png 300w\" sizes=\"(max-width: 432px) 100vw, 432px\" \/>\t\t\t\t\t\t\t\t<\/a>\n\t\t\t\t\t\t\t\t\t\t\t\t\t\t\t<\/div>\n\t\t\t\t<\/div>\n\t\t\t\t\t<\/div>\n\t\t\t\t<\/div>\n\t\t<div class=\"elementor-element elementor-element-cf4a08d e-flex e-con-boxed e-con e-child\" data-id=\"cf4a08d\" data-element_type=\"container\" data-e-type=\"container\">\n\t\t\t\t\t<div class=\"e-con-inner\">\n\t\t\t\t<div class=\"elementor-element elementor-element-8850227 elementor-widget elementor-widget-heading\" data-id=\"8850227\" data-element_type=\"widget\" data-e-type=\"widget\" data-widget_type=\"heading.default\">\n\t\t\t\t<div class=\"elementor-widget-container\">\n\t\t\t\t\t<h3 class=\"elementor-heading-title elementor-size-default\"><span class=\"ez-toc-section\" id=\"Comite_Automodelisme\"><\/span><a href=\"https:\/\/estaca-modelisme.fr\/index.php\/evenements\/formations\/comite-automodelisme\">Comit\u00e9 Automod\u00e9lisme<\/a><span class=\"ez-toc-section-end\"><\/span><\/h3>\t\t\t\t<\/div>\n\t\t\t\t<\/div>\n\t\t\t\t\t<\/div>\n\t\t\t\t<\/div>\n\t\t<div class=\"elementor-element elementor-element-83c73f8 e-flex e-con-boxed e-con e-child\" data-id=\"83c73f8\" data-element_type=\"container\" data-e-type=\"container\">\n\t\t\t\t\t<div class=\"e-con-inner\">\n\t\t\t\t\t<\/div>\n\t\t\t\t<\/div>\n\t\t\t\t<\/div>\n\t\t\t\t<\/div>\n\t\t\t\t<\/div>\n\t\t","protected":false},"excerpt":{"rendered":"<p>P\u00f4le Formation Comit\u00e9 Drone Comit\u00e9 A\u00e9romod\u00e9lisme Comit\u00e9 Automod\u00e9lisme<\/p>\n","protected":false},"author":1,"featured_media":2582,"parent":24,"menu_order":3,"comment_status":"closed","ping_status":"closed","template":"","meta":{"ocean_post_layout":"","ocean_both_sidebars_style":"","ocean_both_sidebars_content_width":0,"ocean_both_sidebars_sidebars_width":0,"ocean_sidebar":"","ocean_second_sidebar":"","ocean_disable_margins":"enable","ocean_add_body_class":"","ocean_shortcode_before_top_bar":"","ocean_shortcode_after_top_bar":"","ocean_shortcode_before_header":"","ocean_shortcode_after_header":"","ocean_has_shortcode":"","ocean_shortcode_after_title":"","ocean_shortcode_before_footer_widgets":"","ocean_shortcode_after_footer_widgets":"","ocean_shortcode_before_footer_bottom":"","ocean_shortcode_after_footer_bottom":"","ocean_display_top_bar":"default","ocean_display_header":"default","ocean_header_style":"","ocean_center_header_left_menu":"","ocean_custom_header_template":"","ocean_custom_logo":0,"ocean_custom_retina_logo":0,"ocean_custom_logo_max_width":0,"ocean_custom_logo_tablet_max_width":0,"ocean_custom_logo_mobile_max_width":0,"ocean_custom_logo_max_height":0,"ocean_custom_logo_tablet_max_height":0,"ocean_custom_logo_mobile_max_height":0,"ocean_header_custom_menu":"","ocean_menu_typo_font_family":"","ocean_menu_typo_font_subset":"","ocean_menu_typo_font_size":0,"ocean_menu_typo_font_size_tablet":0,"ocean_menu_typo_font_size_mobile":0,"ocean_menu_typo_font_size_unit":"px","ocean_menu_typo_font_weight":"","ocean_menu_typo_font_weight_tablet":"","ocean_menu_typo_font_weight_mobile":"","ocean_menu_typo_transform":"","ocean_menu_typo_transform_tablet":"","ocean_menu_typo_transform_mobile":"","ocean_menu_typo_line_height":0,"ocean_menu_typo_line_height_tablet":0,"ocean_menu_typo_line_height_mobile":0,"ocean_menu_typo_line_height_unit":"","ocean_menu_typo_spacing":0,"ocean_menu_typo_spacing_tablet":0,"ocean_menu_typo_spacing_mobile":0,"ocean_menu_typo_spacing_unit":"","ocean_menu_link_color":"","ocean_menu_link_color_hover":"","ocean_menu_link_color_active":"","ocean_menu_link_background":"","ocean_menu_link_hover_background":"","ocean_menu_link_active_background":"","ocean_menu_social_links_bg":"","ocean_menu_social_hover_links_bg":"","ocean_menu_social_links_color":"","ocean_menu_social_hover_links_color":"","ocean_disable_title":"default","ocean_disable_heading":"default","ocean_post_title":"","ocean_post_subheading":"","ocean_post_title_style":"","ocean_post_title_background_color":"","ocean_post_title_background":0,"ocean_post_title_bg_image_position":"","ocean_post_title_bg_image_attachment":"","ocean_post_title_bg_image_repeat":"","ocean_post_title_bg_image_size":"","ocean_post_title_height":0,"ocean_post_title_bg_overlay":0.5,"ocean_post_title_bg_overlay_color":"","ocean_disable_breadcrumbs":"default","ocean_breadcrumbs_color":"","ocean_breadcrumbs_separator_color":"","ocean_breadcrumbs_links_color":"","ocean_breadcrumbs_links_hover_color":"","ocean_display_footer_widgets":"default","ocean_display_footer_bottom":"default","ocean_custom_footer_template":"","footnotes":""},"class_list":["post-168","page","type-page","status-publish","has-post-thumbnail","hentry","entry","has-media"],"yoast_head":"<!-- This site is optimized with the Yoast SEO plugin v27.4 - https:\/\/yoast.com\/product\/yoast-seo-wordpress\/ -->\n<title>P\u00f4le Formations - ESTACA Mod\u00e9lisme<\/title>\n<meta name=\"description\" content=\"Participez aux formations de l&#039;ESTACA Mod\u00e9lisme. D\u00e9veloppez vos comp\u00e9tences en mod\u00e9lisme avec nos ateliers pratiques et nos sessions de formation.\" \/>\n<meta name=\"robots\" content=\"index, follow, max-snippet:-1, max-image-preview:large, max-video-preview:-1\" \/>\n<link rel=\"canonical\" href=\"https:\/\/estaca-modelisme.fr\/index.php\/evenements\/formations\/\" \/>\n<meta property=\"og:locale\" content=\"fr_FR\" \/>\n<meta property=\"og:type\" content=\"article\" \/>\n<meta property=\"og:title\" content=\"P\u00f4le Formations - ESTACA Mod\u00e9lisme\" \/>\n<meta property=\"og:description\" content=\"Participez aux formations de l&#039;ESTACA Mod\u00e9lisme. D\u00e9veloppez vos comp\u00e9tences en mod\u00e9lisme avec nos ateliers pratiques et nos sessions de formation.\" \/>\n<meta property=\"og:url\" content=\"https:\/\/estaca-modelisme.fr\/index.php\/evenements\/formations\/\" \/>\n<meta property=\"og:site_name\" content=\"ESTACA Mod\u00e9lisme\" \/>\n<meta property=\"article:modified_time\" content=\"2024-08-08T06:24:54+00:00\" \/>\n<meta name=\"twitter:card\" content=\"summary_large_image\" \/>\n<meta name=\"twitter:label1\" content=\"Dur\u00e9e de lecture estim\u00e9e\" \/>\n\t<meta name=\"twitter:data1\" content=\"1 minute\" \/>\n<script type=\"application\/ld+json\" class=\"yoast-schema-graph\">{\"@context\":\"https:\\\/\\\/schema.org\",\"@graph\":[{\"@type\":\"WebPage\",\"@id\":\"https:\\\/\\\/estaca-modelisme.fr\\\/index.php\\\/evenements\\\/formations\\\/\",\"url\":\"https:\\\/\\\/estaca-modelisme.fr\\\/index.php\\\/evenements\\\/formations\\\/\",\"name\":\"P\u00f4le Formations - ESTACA Mod\u00e9lisme\",\"isPartOf\":{\"@id\":\"https:\\\/\\\/estaca-modelisme.fr\\\/#website\"},\"primaryImageOfPage\":{\"@id\":\"https:\\\/\\\/estaca-modelisme.fr\\\/index.php\\\/evenements\\\/formations\\\/#primaryimage\"},\"image\":{\"@id\":\"https:\\\/\\\/estaca-modelisme.fr\\\/index.php\\\/evenements\\\/formations\\\/#primaryimage\"},\"thumbnailUrl\":\"https:\\\/\\\/estaca-modelisme.fr\\\/wp-content\\\/uploads\\\/2024\\\/08\\\/LOGO-Formation.svg\",\"datePublished\":\"2024-05-29T20:51:55+00:00\",\"dateModified\":\"2024-08-08T06:24:54+00:00\",\"description\":\"Participez aux formations de l'ESTACA Mod\u00e9lisme. D\u00e9veloppez vos comp\u00e9tences en mod\u00e9lisme avec nos ateliers pratiques et nos sessions de formation.\",\"breadcrumb\":{\"@id\":\"https:\\\/\\\/estaca-modelisme.fr\\\/index.php\\\/evenements\\\/formations\\\/#breadcrumb\"},\"inLanguage\":\"fr-FR\",\"potentialAction\":[{\"@type\":\"ReadAction\",\"target\":[\"https:\\\/\\\/estaca-modelisme.fr\\\/index.php\\\/evenements\\\/formations\\\/\"]}]},{\"@type\":\"ImageObject\",\"inLanguage\":\"fr-FR\",\"@id\":\"https:\\\/\\\/estaca-modelisme.fr\\\/index.php\\\/evenements\\\/formations\\\/#primaryimage\",\"url\":\"https:\\\/\\\/estaca-modelisme.fr\\\/wp-content\\\/uploads\\\/2024\\\/08\\\/LOGO-Formation.svg\",\"contentUrl\":\"https:\\\/\\\/estaca-modelisme.fr\\\/wp-content\\\/uploads\\\/2024\\\/08\\\/LOGO-Formation.svg\",\"width\":264,\"height\":264},{\"@type\":\"BreadcrumbList\",\"@id\":\"https:\\\/\\\/estaca-modelisme.fr\\\/index.php\\\/evenements\\\/formations\\\/#breadcrumb\",\"itemListElement\":[{\"@type\":\"ListItem\",\"position\":1,\"name\":\"Accueil\",\"item\":\"https:\\\/\\\/estaca-modelisme.fr\\\/\"},{\"@type\":\"ListItem\",\"position\":2,\"name\":\"\u00c9v\u00e9nements\",\"item\":\"https:\\\/\\\/estaca-modelisme.fr\\\/index.php\\\/evenements\\\/\"},{\"@type\":\"ListItem\",\"position\":3,\"name\":\"P\u00f4le Formations\"}]},{\"@type\":\"WebSite\",\"@id\":\"https:\\\/\\\/estaca-modelisme.fr\\\/#website\",\"url\":\"https:\\\/\\\/estaca-modelisme.fr\\\/\",\"name\":\"ESTACA Mod\u00e9lisme\",\"description\":\"\u201cO\u00f9 la passion prend son envol, en miniature\u201d\",\"publisher\":{\"@id\":\"https:\\\/\\\/estaca-modelisme.fr\\\/#organization\"},\"potentialAction\":[{\"@type\":\"SearchAction\",\"target\":{\"@type\":\"EntryPoint\",\"urlTemplate\":\"https:\\\/\\\/estaca-modelisme.fr\\\/?s={search_term_string}\"},\"query-input\":{\"@type\":\"PropertyValueSpecification\",\"valueRequired\":true,\"valueName\":\"search_term_string\"}}],\"inLanguage\":\"fr-FR\"},{\"@type\":\"Organization\",\"@id\":\"https:\\\/\\\/estaca-modelisme.fr\\\/#organization\",\"name\":\"ESTACA Mod\u00e9lisme\",\"url\":\"https:\\\/\\\/estaca-modelisme.fr\\\/\",\"logo\":{\"@type\":\"ImageObject\",\"inLanguage\":\"fr-FR\",\"@id\":\"https:\\\/\\\/estaca-modelisme.fr\\\/#\\\/schema\\\/logo\\\/image\\\/\",\"url\":\"https:\\\/\\\/estaca-modelisme.fr\\\/wp-content\\\/uploads\\\/2024\\\/08\\\/Logo-Association-Notre-Mission.png\",\"contentUrl\":\"https:\\\/\\\/estaca-modelisme.fr\\\/wp-content\\\/uploads\\\/2024\\\/08\\\/Logo-Association-Notre-Mission.png\",\"width\":966,\"height\":396,\"caption\":\"ESTACA Mod\u00e9lisme\"},\"image\":{\"@id\":\"https:\\\/\\\/estaca-modelisme.fr\\\/#\\\/schema\\\/logo\\\/image\\\/\"},\"sameAs\":[\"https:\\\/\\\/www.youtube.com\\\/channel\\\/UCORBooBx5eMwuPTrI-_L9BQ\",\"https:\\\/\\\/www.instagram.com\\\/estaca_modelisme\\\/\"]}]}<\/script>\n<!-- \/ Yoast SEO plugin. -->","yoast_head_json":{"title":"P\u00f4le Formations - ESTACA Mod\u00e9lisme","description":"Participez aux formations de l'ESTACA Mod\u00e9lisme. D\u00e9veloppez vos comp\u00e9tences en mod\u00e9lisme avec nos ateliers pratiques et nos sessions de formation.","robots":{"index":"index","follow":"follow","max-snippet":"max-snippet:-1","max-image-preview":"max-image-preview:large","max-video-preview":"max-video-preview:-1"},"canonical":"https:\/\/estaca-modelisme.fr\/index.php\/evenements\/formations\/","og_locale":"fr_FR","og_type":"article","og_title":"P\u00f4le Formations - ESTACA Mod\u00e9lisme","og_description":"Participez aux formations de l'ESTACA Mod\u00e9lisme. D\u00e9veloppez vos comp\u00e9tences en mod\u00e9lisme avec nos ateliers pratiques et nos sessions de formation.","og_url":"https:\/\/estaca-modelisme.fr\/index.php\/evenements\/formations\/","og_site_name":"ESTACA Mod\u00e9lisme","article_modified_time":"2024-08-08T06:24:54+00:00","twitter_card":"summary_large_image","twitter_misc":{"Dur\u00e9e de lecture estim\u00e9e":"1 minute"},"schema":{"@context":"https:\/\/schema.org","@graph":[{"@type":"WebPage","@id":"https:\/\/estaca-modelisme.fr\/index.php\/evenements\/formations\/","url":"https:\/\/estaca-modelisme.fr\/index.php\/evenements\/formations\/","name":"P\u00f4le Formations - ESTACA Mod\u00e9lisme","isPartOf":{"@id":"https:\/\/estaca-modelisme.fr\/#website"},"primaryImageOfPage":{"@id":"https:\/\/estaca-modelisme.fr\/index.php\/evenements\/formations\/#primaryimage"},"image":{"@id":"https:\/\/estaca-modelisme.fr\/index.php\/evenements\/formations\/#primaryimage"},"thumbnailUrl":"https:\/\/estaca-modelisme.fr\/wp-content\/uploads\/2024\/08\/LOGO-Formation.svg","datePublished":"2024-05-29T20:51:55+00:00","dateModified":"2024-08-08T06:24:54+00:00","description":"Participez aux formations de l'ESTACA Mod\u00e9lisme. D\u00e9veloppez vos comp\u00e9tences en mod\u00e9lisme avec nos ateliers pratiques et nos sessions de formation.","breadcrumb":{"@id":"https:\/\/estaca-modelisme.fr\/index.php\/evenements\/formations\/#breadcrumb"},"inLanguage":"fr-FR","potentialAction":[{"@type":"ReadAction","target":["https:\/\/estaca-modelisme.fr\/index.php\/evenements\/formations\/"]}]},{"@type":"ImageObject","inLanguage":"fr-FR","@id":"https:\/\/estaca-modelisme.fr\/index.php\/evenements\/formations\/#primaryimage","url":"https:\/\/estaca-modelisme.fr\/wp-content\/uploads\/2024\/08\/LOGO-Formation.svg","contentUrl":"https:\/\/estaca-modelisme.fr\/wp-content\/uploads\/2024\/08\/LOGO-Formation.svg","width":264,"height":264},{"@type":"BreadcrumbList","@id":"https:\/\/estaca-modelisme.fr\/index.php\/evenements\/formations\/#breadcrumb","itemListElement":[{"@type":"ListItem","position":1,"name":"Accueil","item":"https:\/\/estaca-modelisme.fr\/"},{"@type":"ListItem","position":2,"name":"\u00c9v\u00e9nements","item":"https:\/\/estaca-modelisme.fr\/index.php\/evenements\/"},{"@type":"ListItem","position":3,"name":"P\u00f4le Formations"}]},{"@type":"WebSite","@id":"https:\/\/estaca-modelisme.fr\/#website","url":"https:\/\/estaca-modelisme.fr\/","name":"ESTACA Mod\u00e9lisme","description":"\u201cO\u00f9 la passion prend son envol, en miniature\u201d","publisher":{"@id":"https:\/\/estaca-modelisme.fr\/#organization"},"potentialAction":[{"@type":"SearchAction","target":{"@type":"EntryPoint","urlTemplate":"https:\/\/estaca-modelisme.fr\/?s={search_term_string}"},"query-input":{"@type":"PropertyValueSpecification","valueRequired":true,"valueName":"search_term_string"}}],"inLanguage":"fr-FR"},{"@type":"Organization","@id":"https:\/\/estaca-modelisme.fr\/#organization","name":"ESTACA Mod\u00e9lisme","url":"https:\/\/estaca-modelisme.fr\/","logo":{"@type":"ImageObject","inLanguage":"fr-FR","@id":"https:\/\/estaca-modelisme.fr\/#\/schema\/logo\/image\/","url":"https:\/\/estaca-modelisme.fr\/wp-content\/uploads\/2024\/08\/Logo-Association-Notre-Mission.png","contentUrl":"https:\/\/estaca-modelisme.fr\/wp-content\/uploads\/2024\/08\/Logo-Association-Notre-Mission.png","width":966,"height":396,"caption":"ESTACA Mod\u00e9lisme"},"image":{"@id":"https:\/\/estaca-modelisme.fr\/#\/schema\/logo\/image\/"},"sameAs":["https:\/\/www.youtube.com\/channel\/UCORBooBx5eMwuPTrI-_L9BQ","https:\/\/www.instagram.com\/estaca_modelisme\/"]}]}},"_links":{"self":[{"href":"https:\/\/estaca-modelisme.fr\/index.php\/wp-json\/wp\/v2\/pages\/168","targetHints":{"allow":["GET"]}}],"collection":[{"href":"https:\/\/estaca-modelisme.fr\/index.php\/wp-json\/wp\/v2\/pages"}],"about":[{"href":"https:\/\/estaca-modelisme.fr\/index.php\/wp-json\/wp\/v2\/types\/page"}],"author":[{"embeddable":true,"href":"https:\/\/estaca-modelisme.fr\/index.php\/wp-json\/wp\/v2\/users\/1"}],"replies":[{"embeddable":true,"href":"https:\/\/estaca-modelisme.fr\/index.php\/wp-json\/wp\/v2\/comments?post=168"}],"version-history":[{"count":4,"href":"https:\/\/estaca-modelisme.fr\/index.php\/wp-json\/wp\/v2\/pages\/168\/revisions"}],"predecessor-version":[{"id":2002,"href":"https:\/\/estaca-modelisme.fr\/index.php\/wp-json\/wp\/v2\/pages\/168\/revisions\/2002"}],"up":[{"embeddable":true,"href":"https:\/\/estaca-modelisme.fr\/index.php\/wp-json\/wp\/v2\/pages\/24"}],"wp:featuredmedia":[{"embeddable":true,"href":"https:\/\/estaca-modelisme.fr\/index.php\/wp-json\/wp\/v2\/media\/2582"}],"wp:attachment":[{"href":"https:\/\/estaca-modelisme.fr\/index.php\/wp-json\/wp\/v2\/media?parent=168"}],"curies":[{"name":"wp","href":"https:\/\/api.w.org\/{rel}","templated":true}]}}